{"id":2070,"date":"2023-03-21T14:56:28","date_gmt":"2023-03-21T18:56:28","guid":{"rendered":"https:\/\/april.switch.makemagik.com\/contactez-nous\/"},"modified":"2026-01-26T16:53:45","modified_gmt":"2026-01-26T21:53:45","slug":"contactez-nous","status":"publish","type":"page","link":"https:\/\/april.globalexcel.com\/fr\/contactez-nous\/","title":{"rendered":"Contactez-nous"},"content":{"rendered":"\t\t<div data-elementor-type=\"wp-page\" data-elementor-id=\"2070\" class=\"elementor elementor-2070 elementor-1901\" data-elementor-post-type=\"page\">\n\t\t\t\t<div class=\"elementor-element elementor-element-65a3a47 e-flex e-con-boxed e-con e-parent\" data-id=\"65a3a47\" data-element_type=\"container\" data-e-type=\"container\" data-settings=\"{&quot;background_background&quot;:&quot;classic&quot;}\">\n\t\t\t\t\t<div class=\"e-con-inner\">\n\t\t\t\t<div class=\"elementor-element elementor-element-74d447a elementor-widget elementor-widget-heading\" data-id=\"74d447a\" data-element_type=\"widget\" data-e-type=\"widget\" data-widget_type=\"heading.default\">\n\t\t\t\t<div class=\"elementor-widget-container\">\n\t\t\t\t\t<h1 class=\"elementor-heading-title elementor-size-default\">Contactez-nous<\/h1>\t\t\t\t<\/div>\n\t\t\t\t<\/div>\n\t\t\t\t\t<\/div>\n\t\t\t\t<\/div>\n\t\t<div class=\"elementor-element elementor-element-da69158 e-flex e-con-boxed e-con e-parent\" data-id=\"da69158\" data-element_type=\"container\" data-e-type=\"container\">\n\t\t\t\t\t<div class=\"e-con-inner\">\n\t\t<div class=\"elementor-element elementor-element-3689a63 e-con-full e-flex e-con e-child\" data-id=\"3689a63\" data-element_type=\"container\" data-e-type=\"container\">\n\t\t\t\t<div class=\"elementor-element elementor-element-26d5a0d elementor-widget__width-initial elementor-widget elementor-widget-text-editor\" data-id=\"26d5a0d\" data-element_type=\"widget\" data-e-type=\"widget\" data-widget_type=\"text-editor.default\">\n\t\t\t\t<div class=\"elementor-widget-container\">\n\t\t\t\t\t\t\t\t\t<h2>Nous sommes l\u00e0 pour vous soutenir<\/h2>\nSi vous ne trouvez pas les informations dont vous avez besoin, y compris dans la <a href=\"https:\/\/april.globalexcel.com\/fr\/foire-aux-questions\/\">page des questions fr\u00e9quemment<\/a> pos\u00e9es,\u00a0veuillez nous contacter par e-mail \u00e0 l\u2019adresse\u00a0<a href=\"mailto:service@globalexcel.com?subject=Global%20Health%20Demande%20de%20renseignments\">service@globalexcel.com<\/a> ou appeler le num\u00e9ro sans frais <strong>+1-866-299-2900.<\/strong><br><br>Les courriels recevront une r\u00e9ponse dans un d\u00e9lai de\u00a0<b>2 \u00e0 3 jours ouvrables.<\/b>\t\t\t\t\t\t\t\t<\/div>\n\t\t\t\t<\/div>\n\t\t\t\t<\/div>\n\t\t\t\t\t<\/div>\n\t\t\t\t<\/div>\n\t\t\t\t<\/div>\n\t\t","protected":false},"excerpt":{"rendered":"<p>Contactez-nous Nous sommes l\u00e0 pour vous soutenir Si vous ne trouvez pas les informations dont vous avez besoin, y compris dans la page des questions fr\u00e9quemment pos\u00e9es,\u00a0veuillez nous contacter par e-mail \u00e0 l\u2019adresse\u00a0service@globalexcel.com ou appeler le num\u00e9ro sans frais +1-866-299-2900. Les courriels recevront une r\u00e9ponse dans un d\u00e9lai de\u00a02 \u00e0 3 jours ouvrables.<\/p>\n","protected":false},"author":2,"featured_media":0,"parent":0,"menu_order":0,"comment_status":"closed","ping_status":"closed","template":"","meta":{"inline_featured_image":false,"footnotes":""},"class_list":["post-2070","page","type-page","status-publish","hentry"],"_links":{"self":[{"href":"https:\/\/april.globalexcel.com\/fr\/wp-json\/wp\/v2\/pages\/2070","targetHints":{"allow":["GET"]}}],"collection":[{"href":"https:\/\/april.globalexcel.com\/fr\/wp-json\/wp\/v2\/pages"}],"about":[{"href":"https:\/\/april.globalexcel.com\/fr\/wp-json\/wp\/v2\/types\/page"}],"author":[{"embeddable":true,"href":"https:\/\/april.globalexcel.com\/fr\/wp-json\/wp\/v2\/users\/2"}],"replies":[{"embeddable":true,"href":"https:\/\/april.globalexcel.com\/fr\/wp-json\/wp\/v2\/comments?post=2070"}],"version-history":[{"count":44,"href":"https:\/\/april.globalexcel.com\/fr\/wp-json\/wp\/v2\/pages\/2070\/revisions"}],"predecessor-version":[{"id":3764,"href":"https:\/\/april.globalexcel.com\/fr\/wp-json\/wp\/v2\/pages\/2070\/revisions\/3764"}],"wp:attachment":[{"href":"https:\/\/april.globalexcel.com\/fr\/wp-json\/wp\/v2\/media?parent=2070"}],"curies":[{"name":"wp","href":"https:\/\/api.w.org\/{rel}","templated":true}]}}