{"id":2058,"date":"2023-03-21T14:40:56","date_gmt":"2023-03-21T18:40:56","guid":{"rendered":"https:\/\/april.switch.makemagik.com\/se-familiariser-avec-le-systeme-de-soins-de-sante-local\/"},"modified":"2023-09-07T14:46:40","modified_gmt":"2023-09-07T18:46:40","slug":"se-familiariser-avec-le-systeme-de-soins-de-sante-local","status":"publish","type":"page","link":"https:\/\/april.globalexcel.com\/fr\/se-familiariser-avec-le-systeme-de-soins-de-sante-local\/","title":{"rendered":"Se familiariser avec le syst\u00e8me de soins de sant\u00e9 local"},"content":{"rendered":"\t\t<div data-elementor-type=\"wp-page\" data-elementor-id=\"2058\" class=\"elementor elementor-2058 elementor-1827\" data-elementor-post-type=\"page\">\n\t\t\t\t<div class=\"elementor-element elementor-element-65a3a47 e-flex e-con-boxed e-con e-parent\" data-id=\"65a3a47\" data-element_type=\"container\" data-e-type=\"container\" data-settings=\"{&quot;background_background&quot;:&quot;classic&quot;}\">\n\t\t\t\t\t<div class=\"e-con-inner\">\n\t\t\t\t<div class=\"elementor-element elementor-element-74d447a elementor-widget elementor-widget-heading\" data-id=\"74d447a\" data-element_type=\"widget\" data-e-type=\"widget\" data-widget_type=\"heading.default\">\n\t\t\t\t<div class=\"elementor-widget-container\">\n\t\t\t\t\t<h1 class=\"elementor-heading-title elementor-size-default\">Se familiariser avec le<br>\nsyst\u00e8me de soins de sant\u00e9 local<\/h1>\t\t\t\t<\/div>\n\t\t\t\t<\/div>\n\t\t\t\t\t<\/div>\n\t\t\t\t<\/div>\n\t\t<div class=\"elementor-element elementor-element-da69158 e-flex e-con-boxed e-con e-parent\" data-id=\"da69158\" data-element_type=\"container\" data-e-type=\"container\">\n\t\t\t\t\t<div class=\"e-con-inner\">\n\t\t\t\t<div class=\"elementor-element elementor-element-365d676 elementor-widget elementor-widget-text-editor\" data-id=\"365d676\" data-element_type=\"widget\" data-e-type=\"widget\" data-widget_type=\"text-editor.default\">\n\t\t\t\t<div class=\"elementor-widget-container\">\n\t\t\t\t\t\t\t\t\t<h2>\u00c9tats-Unis<\/h2>\n<p>Les \u00c9tats-Unis disposent de certains des prestataires de soins de sant\u00e9 les plus r\u00e9put\u00e9s au monde, mais aussi les plus chers. Le co\u00fbt des soins varie \u00e9galement beaucoup d&rsquo;un bout \u00e0 l&rsquo;autre du pays, voire au sein d&rsquo;un m\u00eame \u00c9tat ou d&rsquo;une m\u00eame ville. En l&rsquo;absence de normalisation ou de r\u00e9glementation des co\u00fbts, les fournisseurs sont libres d&rsquo;exiger n&rsquo;importe quel prix pour leurs services. Global Excel est l\u00e0 pour vous aider \u00e0 acheter des soins de sant\u00e9 en fonction de leur valeur, c&rsquo;est-\u00e0-dire des soins de la plus haute qualit\u00e9 au prix le plus raisonnable.   <\/p>\n\t\t\t\t\t\t\t\t<\/div>\n\t\t\t\t<\/div>\n\t\t<div class=\"elementor-element elementor-element-fb47a92 e-flex e-con-boxed e-con e-parent\" data-id=\"fb47a92\" data-element_type=\"container\" data-e-type=\"container\">\n\t\t\t\t\t<div class=\"e-con-inner\">\n\t\t\t\t<div class=\"elementor-element elementor-element-8f2e4b7 elementor-widget elementor-widget-text-editor\" data-id=\"8f2e4b7\" data-element_type=\"widget\" data-e-type=\"widget\" data-widget_type=\"text-editor.default\">\n\t\t\t\t<div class=\"elementor-widget-container\">\n\t\t\t\t\t\t\t\t\t<h2>Voici quelques courtes vid\u00e9os pour vous familiariser avec le syst\u00e8me de sant\u00e9 am\u00e9ricain.<\/h2><p>La <strong>premi\u00e8re vid\u00e9o<\/strong> explique comment utiliser votre carte Global Excel. Si vous \u00eates concern\u00e9, veuillez regarder cette vid\u00e9o.<\/p>\t\t\t\t\t\t\t\t<\/div>\n\t\t\t\t<\/div>\n\t\t\t\t<div class=\"elementor-element elementor-element-68732e3 elementor-widget elementor-widget-video\" data-id=\"68732e3\" data-element_type=\"widget\" data-e-type=\"widget\" data-settings=\"{&quot;video_type&quot;:&quot;vimeo&quot;}\" data-widget_type=\"video.default\">\n\t\t\t\t<div class=\"elementor-widget-container\">\n\t\t\t\t\t\t\t<div class=\"elementor-wrapper elementor-open-inline\">\n\t\t\t<iframe class=\"elementor-video-iframe\" allowfullscreen allow=\"clipboard-write\" title=\"Lecteur vid\u00e9o vimeo\" src=\"https:\/\/player.vimeo.com\/video\/862122738?color&amp;autopause=0&amp;loop=0&amp;muted=0&amp;title=0&amp;portrait=0&amp;byline=0&amp;h=31cf154e0f#t=\"><\/iframe>\t\t<\/div>\n\t\t\t\t\t\t<\/div>\n\t\t\t\t<\/div>\n\t\t\t\t\t<\/div>\n\t\t\t\t<\/div>\n\t\t<div class=\"elementor-element elementor-element-9aa912f e-flex e-con-boxed e-con e-parent\" data-id=\"9aa912f\" data-element_type=\"container\" data-e-type=\"container\">\n\t\t\t\t\t<div class=\"e-con-inner\">\n\t\t\t\t<div class=\"elementor-element elementor-element-2888b7b elementor-widget elementor-widget-text-editor\" data-id=\"2888b7b\" data-element_type=\"widget\" data-e-type=\"widget\" data-widget_type=\"text-editor.default\">\n\t\t\t\t<div class=\"elementor-widget-container\">\n\t\t\t\t\t\t\t\t\t<p>Cette <strong>deuxi\u00e8me vid\u00e9o<\/strong> vous guidera dans la proc\u00e9dure \u00e0 suivre lorsque vous consultez un m\u00e9decin ou un dentiste aux \u00c9tats-Unis.<\/p>\t\t\t\t\t\t\t\t<\/div>\n\t\t\t\t<\/div>\n\t\t\t\t<div class=\"elementor-element elementor-element-49db89f elementor-widget elementor-widget-video\" data-id=\"49db89f\" data-element_type=\"widget\" data-e-type=\"widget\" data-settings=\"{&quot;video_type&quot;:&quot;vimeo&quot;}\" data-widget_type=\"video.default\">\n\t\t\t\t<div class=\"elementor-widget-container\">\n\t\t\t\t\t\t\t<div class=\"elementor-wrapper elementor-open-inline\">\n\t\t\t<iframe class=\"elementor-video-iframe\" allowfullscreen allow=\"clipboard-write\" title=\"Lecteur vid\u00e9o vimeo\" src=\"https:\/\/player.vimeo.com\/video\/862122811?color&amp;autopause=0&amp;loop=0&amp;muted=0&amp;title=0&amp;portrait=0&amp;byline=0&amp;h=6f59f34bb4#t=\"><\/iframe>\t\t<\/div>\n\t\t\t\t\t\t<\/div>\n\t\t\t\t<\/div>\n\t\t\t\t\t<\/div>\n\t\t\t\t<\/div>\n\t\t<div class=\"elementor-element elementor-element-5924c67 e-flex e-con-boxed e-con e-parent\" data-id=\"5924c67\" data-element_type=\"container\" data-e-type=\"container\">\n\t\t\t\t\t<div class=\"e-con-inner\">\n\t\t\t\t<div class=\"elementor-element elementor-element-cbabd9b elementor-widget elementor-widget-text-editor\" data-id=\"cbabd9b\" data-element_type=\"widget\" data-e-type=\"widget\" data-widget_type=\"text-editor.default\">\n\t\t\t\t<div class=\"elementor-widget-container\">\n\t\t\t\t\t\t\t\t\t<p>Cette <strong>troisi\u00e8me vid\u00e9o<\/strong> vous montre ce qu&rsquo;il faut faire si vous recevez une facture, un relev\u00e9 ou un avis de recouvrement d&rsquo;un prestataire de soins de sant\u00e9 am\u00e9ricain.<\/p>\t\t\t\t\t\t\t\t<\/div>\n\t\t\t\t<\/div>\n\t\t\t\t<div class=\"elementor-element elementor-element-588dd79 elementor-widget elementor-widget-video\" data-id=\"588dd79\" data-element_type=\"widget\" data-e-type=\"widget\" data-settings=\"{&quot;video_type&quot;:&quot;vimeo&quot;}\" data-widget_type=\"video.default\">\n\t\t\t\t<div class=\"elementor-widget-container\">\n\t\t\t\t\t\t\t<div class=\"elementor-wrapper elementor-open-inline\">\n\t\t\t<iframe class=\"elementor-video-iframe\" allowfullscreen allow=\"clipboard-write\" title=\"Lecteur vid\u00e9o vimeo\" src=\"https:\/\/player.vimeo.com\/video\/862122887?color&amp;autopause=0&amp;loop=0&amp;muted=0&amp;title=0&amp;portrait=0&amp;byline=0&amp;h=777fa3a96c#t=\"><\/iframe>\t\t<\/div>\n\t\t\t\t\t\t<\/div>\n\t\t\t\t<\/div>\n\t\t\t\t\t<\/div>\n\t\t\t\t<\/div>\n\t\t\t\t<div class=\"elementor-element elementor-element-7120339 elementor-widget-divider--view-line elementor-widget elementor-widget-divider\" data-id=\"7120339\" data-element_type=\"widget\" data-e-type=\"widget\" data-widget_type=\"divider.default\">\n\t\t\t\t<div class=\"elementor-widget-container\">\n\t\t\t\t\t\t\t<div class=\"elementor-divider\">\n\t\t\t<span class=\"elementor-divider-separator\">\n\t\t\t\t\t\t<\/span>\n\t\t<\/div>\n\t\t\t\t\t\t<\/div>\n\t\t\t\t<\/div>\n\t\t\t\t<div class=\"elementor-element elementor-element-b75b459 elementor-widget elementor-widget-text-editor\" data-id=\"b75b459\" data-element_type=\"widget\" data-e-type=\"widget\" data-widget_type=\"text-editor.default\">\n\t\t\t\t<div class=\"elementor-widget-container\">\n\t\t\t\t\t\t\t\t\t<h2>R\u00e9seaux OPP<\/h2>\n<p>Aux \u00c9tats-Unis, la plupart des gens ont acc\u00e8s aux soins par le biais de l\u2019un des types de plans de sant\u00e9 suivants :<\/p>\n<ul>\n<li>Organisations de prestataires privil\u00e9gi\u00e9s (OPP)<\/li>\n<li>Organismes de maintien de la sant\u00e9 (OMS)<\/li>\n<li>Programme gouvernemental (Medicare\/ Medicaid)<\/li>\n<\/ul>\n<p>Ces r\u00e9gimes sont compos\u00e9s de \u00ab r\u00e9seaux \u00bb de prestataires, notamment de m\u00e9decins, d\u2019h\u00f4pitaux, de centres d\u2019imagerie, etc. qui ont conclu des contrats avec des r\u00e9gimes de sant\u00e9 pour des taux de remboursement d\u00e9finis.<\/p>\n<p>Les OPP ont tendance \u00e0 \u00eatre plus larges et \u00e0 inclure de nombreux prestataires, auxquels vous pouvez acc\u00e9der librement, tandis que les OMS ont tendance \u00e0 avoir une liste de prestataires plus restrictive et les r\u00e9f\u00e9rences sont limit\u00e9es aux m\u00e9decins de la m\u00eame OMS. Le gouvernement offre une couverture Medicare (pour les plus de 65 ans) et Medicaid (pour les faibles revenus). La plupart des Am\u00e9ricains obtiennent leur assurance maladie par l\u2019interm\u00e9diaire de leur employeur.  <\/p>\n<p>Les prestataires pr\u00e9cisent leur affiliation au r\u00e9seau au moment de l\u2019enregistrement. Les patients portent des cartes de prestations qui pr\u00e9cisent leur affiliation, que le prestataire enregistre dans le syst\u00e8me. Les factures sont ensuite envoy\u00e9es au r\u00e9gime d\u2019assurance maladie associ\u00e9 et le remboursement est effectu\u00e9 conform\u00e9ment au contrat.  <\/p>\n\t\t\t\t\t\t\t\t<\/div>\n\t\t\t\t<\/div>\n\t\t\t\t<div class=\"elementor-element elementor-element-246de87 elementor-widget-divider--view-line elementor-widget elementor-widget-divider\" data-id=\"246de87\" data-element_type=\"widget\" data-e-type=\"widget\" data-widget_type=\"divider.default\">\n\t\t\t\t<div class=\"elementor-widget-container\">\n\t\t\t\t\t\t\t<div class=\"elementor-divider\">\n\t\t\t<span class=\"elementor-divider-separator\">\n\t\t\t\t\t\t<\/span>\n\t\t<\/div>\n\t\t\t\t\t\t<\/div>\n\t\t\t\t<\/div>\n\t\t\t\t<div class=\"elementor-element elementor-element-04cb271 elementor-widget elementor-widget-text-editor\" data-id=\"04cb271\" data-element_type=\"widget\" data-e-type=\"widget\" data-widget_type=\"text-editor.default\">\n\t\t\t\t<div class=\"elementor-widget-container\">\n\t\t\t\t\t\t\t\t\t<h2>Carte de prestations<\/h2>\n<p>Pour les expatri\u00e9s vivant \u00e0 long terme aux \u00c9tats-Unis et n\u00e9cessitant des soins pr\u00e9ventifs ou familiaux, il est essentiel d\u2019\u00eatre inscrit \u00e0 un plan de sant\u00e9. Cela garantit non seulement un remboursement raisonnable, mais aussi, et surtout, la facilit\u00e9 d\u2019acc\u00e8s pour les adh\u00e9rents. Lorsque l\u2019affiliation \u00e0 un \u00ab r\u00e9seau \u00bb est pr\u00e9sent\u00e9e, le fournisseur facturera directement le r\u00e9seau, qui \u00e0 son tour travaillera avec votre assureur et\/ou Global Excel pour le remboursement. Cela permet \u00e9galement une affiliation comparable avec un r\u00e9seau de dentistes et de pharmacies. Recourir \u00e0 un prestataire \u00ab hors r\u00e9seau \u00bb peut vous mener \u00e0 payer vos soins de votre poche et \u00e0 un co\u00fbt plus \u00e9lev\u00e9, vu qu\u2019il n\u2019y a pas eu une n\u00e9gociation pr\u00e9alable de rabais.    <\/p>\n\t\t\t\t\t\t\t\t<\/div>\n\t\t\t\t<\/div>\n\t\t\t\t\t<\/div>\n\t\t\t\t<\/div>\n\t\t\t\t<\/div>\n\t\t","protected":false},"excerpt":{"rendered":"<p>Se familiariser avec le syst\u00e8me de soins de sant\u00e9 local \u00c9tats-Unis Les \u00c9tats-Unis disposent de certains des prestataires de soins de sant\u00e9 les plus r\u00e9put\u00e9s au monde, mais aussi les plus chers. Le co\u00fbt des soins varie \u00e9galement beaucoup d&rsquo;un bout \u00e0 l&rsquo;autre du pays, voire au sein d&rsquo;un m\u00eame \u00c9tat ou d&rsquo;une m\u00eame ville. [&hellip;]<\/p>\n","protected":false},"author":2,"featured_media":0,"parent":0,"menu_order":0,"comment_status":"closed","ping_status":"closed","template":"","meta":{"inline_featured_image":false,"footnotes":""},"class_list":["post-2058","page","type-page","status-publish","hentry"],"_links":{"self":[{"href":"https:\/\/april.globalexcel.com\/fr\/wp-json\/wp\/v2\/pages\/2058","targetHints":{"allow":["GET"]}}],"collection":[{"href":"https:\/\/april.globalexcel.com\/fr\/wp-json\/wp\/v2\/pages"}],"about":[{"href":"https:\/\/april.globalexcel.com\/fr\/wp-json\/wp\/v2\/types\/page"}],"author":[{"embeddable":true,"href":"https:\/\/april.globalexcel.com\/fr\/wp-json\/wp\/v2\/users\/2"}],"replies":[{"embeddable":true,"href":"https:\/\/april.globalexcel.com\/fr\/wp-json\/wp\/v2\/comments?post=2058"}],"version-history":[{"count":37,"href":"https:\/\/april.globalexcel.com\/fr\/wp-json\/wp\/v2\/pages\/2058\/revisions"}],"predecessor-version":[{"id":3688,"href":"https:\/\/april.globalexcel.com\/fr\/wp-json\/wp\/v2\/pages\/2058\/revisions\/3688"}],"wp:attachment":[{"href":"https:\/\/april.globalexcel.com\/fr\/wp-json\/wp\/v2\/media?parent=2058"}],"curies":[{"name":"wp","href":"https:\/\/api.w.org\/{rel}","templated":true}]}}