{"id":2053,"date":"2023-03-21T14:34:24","date_gmt":"2023-03-21T18:34:24","guid":{"rendered":"https:\/\/april.switch.makemagik.com\/trouver-une-pharmacie\/"},"modified":"2024-01-31T09:59:17","modified_gmt":"2024-01-31T14:59:17","slug":"trouver-une-pharmacie","status":"publish","type":"page","link":"https:\/\/april.globalexcel.com\/fr\/trouver-une-pharmacie\/","title":{"rendered":"Trouver une pharmacie"},"content":{"rendered":"\t\t<div data-elementor-type=\"wp-page\" data-elementor-id=\"2053\" class=\"elementor elementor-2053 elementor-1747\" data-elementor-post-type=\"page\">\n\t\t\t\t<div class=\"elementor-element elementor-element-65a3a47 e-flex e-con-boxed e-con e-parent\" data-id=\"65a3a47\" data-element_type=\"container\" data-e-type=\"container\" data-settings=\"{&quot;background_background&quot;:&quot;classic&quot;}\">\n\t\t\t\t\t<div class=\"e-con-inner\">\n\t\t\t\t<div class=\"elementor-element elementor-element-74d447a elementor-widget elementor-widget-heading\" data-id=\"74d447a\" data-element_type=\"widget\" data-e-type=\"widget\" data-widget_type=\"heading.default\">\n\t\t\t\t<div class=\"elementor-widget-container\">\n\t\t\t\t\t<h1 class=\"elementor-heading-title elementor-size-default\">Trouver une pharmacie<\/h1>\t\t\t\t<\/div>\n\t\t\t\t<\/div>\n\t\t\t\t\t<\/div>\n\t\t\t\t<\/div>\n\t\t<div class=\"elementor-element elementor-element-da69158 e-flex e-con-boxed e-con e-parent\" data-id=\"da69158\" data-element_type=\"container\" data-e-type=\"container\">\n\t\t\t\t\t<div class=\"e-con-inner\">\n\t\t\t\t<div class=\"elementor-element elementor-element-16dee9f elementor-widget elementor-widget-heading\" data-id=\"16dee9f\" data-element_type=\"widget\" data-e-type=\"widget\" data-widget_type=\"heading.default\">\n\t\t\t\t<div class=\"elementor-widget-container\">\n\t\t\t\t\t<h2 class=\"elementor-heading-title elementor-size-default\"><strong>Global Excel<\/strong> s\u2019est associ\u00e9e \u00e0 <strong>CVS\/Caremark<\/strong> afin de pouvoir offrir \u00e0 ses membres l\u2019un des plus grands r\u00e9seaux nationaux de pharmacies, vous garantissant des prix \u00e9quitables et un acc\u00e8s en toute commodit\u00e9.<\/h2>\t\t\t\t<\/div>\n\t\t\t\t<\/div>\n\t\t<div class=\"elementor-element elementor-element-3689a63 e-con-full e-flex e-con e-child\" data-id=\"3689a63\" data-element_type=\"container\" data-e-type=\"container\">\n\t\t\t\t<div class=\"elementor-element elementor-element-a2dfe57 elementor-widget elementor-widget-button\" data-id=\"a2dfe57\" data-element_type=\"widget\" data-e-type=\"widget\" data-widget_type=\"button.default\">\n\t\t\t\t<div class=\"elementor-widget-container\">\n\t\t\t\t\t\t\t\t\t<div class=\"elementor-button-wrapper\">\n\t\t\t\t\t<a class=\"elementor-button elementor-button-link elementor-size-xl\" href=\"https:\/\/www.caremark.com\/portal\/asset\/olympus_pharm.htm\" target=\"_blank\">\n\t\t\t\t\t\t<span class=\"elementor-button-content-wrapper\">\n\t\t\t\t\t\t<span class=\"elementor-button-icon\">\n\t\t\t\t<i aria-hidden=\"true\" class=\"fas fa-arrow-right\"><\/i>\t\t\t<\/span>\n\t\t\t\t\t\t\t\t\t<span class=\"elementor-button-text\">Trouver une pharmacie<\/span>\n\t\t\t\t\t<\/span>\n\t\t\t\t\t<\/a>\n\t\t\t\t<\/div>\n\t\t\t\t\t\t\t\t<\/div>\n\t\t\t\t<\/div>\n\t\t\t\t<div class=\"elementor-element elementor-element-414fc38 elementor-widget elementor-widget-button\" data-id=\"414fc38\" data-element_type=\"widget\" data-e-type=\"widget\" data-widget_type=\"button.default\">\n\t\t\t\t<div class=\"elementor-widget-container\">\n\t\t\t\t\t\t\t\t\t<div class=\"elementor-button-wrapper\">\n\t\t\t\t\t<a class=\"elementor-button elementor-button-link elementor-size-xl\" href=\"https:\/\/www.caremark.com\/portal\/asset\/olympus_cdc.htm\" target=\"_blank\">\n\t\t\t\t\t\t<span class=\"elementor-button-content-wrapper\">\n\t\t\t\t\t\t<span class=\"elementor-button-icon\">\n\t\t\t\t<i aria-hidden=\"true\" class=\"fas fa-arrow-right\"><\/i>\t\t\t<\/span>\n\t\t\t\t\t\t\t\t\t<span class=\"elementor-button-text\">Recherche de prix de m\u00e9dicaments (anglais seulement)<\/span>\n\t\t\t\t\t<\/span>\n\t\t\t\t\t<\/a>\n\t\t\t\t<\/div>\n\t\t\t\t\t\t\t\t<\/div>\n\t\t\t\t<\/div>\n\t\t\t\t<div class=\"elementor-element elementor-element-e215f97 elementor-widget elementor-widget-button\" data-id=\"e215f97\" data-element_type=\"widget\" data-e-type=\"widget\" data-widget_type=\"button.default\">\n\t\t\t\t<div class=\"elementor-widget-container\">\n\t\t\t\t\t\t\t\t\t<div class=\"elementor-button-wrapper\">\n\t\t\t\t\t<a class=\"elementor-button elementor-button-link elementor-size-xl\" href=\"https:\/\/www.rxprintacard.biz\/private-label\/enroll-now?account=93\" target=\"_blank\">\n\t\t\t\t\t\t<span class=\"elementor-button-content-wrapper\">\n\t\t\t\t\t\t<span class=\"elementor-button-icon\">\n\t\t\t\t<i aria-hidden=\"true\" class=\"fas fa-arrow-right\"><\/i>\t\t\t<\/span>\n\t\t\t\t\t\t\t\t\t<span class=\"elementor-button-text\">Imprimer la carte d\u2019escompte<\/span>\n\t\t\t\t\t<\/span>\n\t\t\t\t\t<\/a>\n\t\t\t\t<\/div>\n\t\t\t\t\t\t\t\t<\/div>\n\t\t\t\t<\/div>\n\t\t\t\t<\/div>\n\t\t\t\t<div class=\"elementor-element elementor-element-1501a1f elementor-widget-divider--view-line elementor-widget elementor-widget-divider\" data-id=\"1501a1f\" data-element_type=\"widget\" data-e-type=\"widget\" data-widget_type=\"divider.default\">\n\t\t\t\t<div class=\"elementor-widget-container\">\n\t\t\t\t\t\t\t<div class=\"elementor-divider\">\n\t\t\t<span class=\"elementor-divider-separator\">\n\t\t\t\t\t\t<\/span>\n\t\t<\/div>\n\t\t\t\t\t\t<\/div>\n\t\t\t\t<\/div>\n\t\t\t\t<div class=\"elementor-element elementor-element-aa20d4a elementor-widget elementor-widget-heading\" data-id=\"aa20d4a\" data-element_type=\"widget\" data-e-type=\"widget\" data-widget_type=\"heading.default\">\n\t\t\t\t<div class=\"elementor-widget-container\">\n\t\t\t\t\t<h2 class=\"elementor-heading-title elementor-size-default\">Les avantages de rester dans le r\u00e9seau<\/h2>\t\t\t\t<\/div>\n\t\t\t\t<\/div>\n\t\t\t\t<div class=\"elementor-element elementor-element-365d676 elementor-widget elementor-widget-text-editor\" data-id=\"365d676\" data-element_type=\"widget\" data-e-type=\"widget\" data-widget_type=\"text-editor.default\">\n\t\t\t\t<div class=\"elementor-widget-container\">\n\t\t\t\t\t\t\t\t\t<p><strong>Global Excel<\/strong> donne acc\u00e8s \u00e0 plus de 68 000 pharmacies participantes, \u00e0 travers tout le pays, par l\u2019interm\u00e9diaire de <strong>CVS\/Caremark<\/strong> et de leurs filiales. En restant au sein de ce r\u00e9seau, vous n\u2019avez pas \u00e0 d\u00e9bourser de l\u2019argent pour payer vos ordonnances et vous pouvez \u00e9galement r\u00e9duire le prix de vos m\u00e9dicaments gr\u00e2ce au programme des m\u00e9dicaments de prescription <strong>CVS Caremark.<\/strong> <\/p>\n<p>Le r\u00e9seau comprend des pharmacies telles que CVS, Target, Walmart, Walgreens, Publix, Rite Aid et d&rsquo;autres encore. Suivez le lien ci-dessus et trouvez celui qui est le plus proche de chez vous.<\/p>\n\t\t\t\t\t\t\t\t<\/div>\n\t\t\t\t<\/div>\n\t\t\t\t<div class=\"elementor-element elementor-element-0a70708 elementor-widget-divider--view-line elementor-widget elementor-widget-divider\" data-id=\"0a70708\" data-element_type=\"widget\" data-e-type=\"widget\" data-widget_type=\"divider.default\">\n\t\t\t\t<div class=\"elementor-widget-container\">\n\t\t\t\t\t\t\t<div class=\"elementor-divider\">\n\t\t\t<span class=\"elementor-divider-separator\">\n\t\t\t\t\t\t<\/span>\n\t\t<\/div>\n\t\t\t\t\t\t<\/div>\n\t\t\t\t<\/div>\n\t\t\t\t<div class=\"elementor-element elementor-element-372bc0c elementor-widget elementor-widget-heading\" data-id=\"372bc0c\" data-element_type=\"widget\" data-e-type=\"widget\" data-widget_type=\"heading.default\">\n\t\t\t\t<div class=\"elementor-widget-container\">\n\t\t\t\t\t<h2 class=\"elementor-heading-title elementor-size-default\">M\u00e9dicaments g\u00e9n\u00e9riques \u2013 jusqu\u2019\u00e0 80% de moins que la marque <\/h2>\t\t\t\t<\/div>\n\t\t\t\t<\/div>\n\t\t\t\t<div class=\"elementor-element elementor-element-d2a43ba elementor-widget elementor-widget-image\" data-id=\"d2a43ba\" data-element_type=\"widget\" data-e-type=\"widget\" data-widget_type=\"image.default\">\n\t\t\t\t<div class=\"elementor-widget-container\">\n\t\t\t\t\t\t\t\t\t\t\t\t\t\t\t<img fetchpriority=\"high\" decoding=\"async\" width=\"1400\" height=\"576\" src=\"https:\/\/april.globalexcel.com\/wp-content\/uploads\/CVSHead-fr-1.webp\" class=\"attachment-full size-full wp-image-2004\" alt=\"\" srcset=\"https:\/\/april.globalexcel.com\/wp-content\/uploads\/CVSHead-fr-1.webp 1400w, https:\/\/april.globalexcel.com\/wp-content\/uploads\/CVSHead-fr-1-768x316.webp 768w\" sizes=\"(max-width: 1400px) 100vw, 1400px\" \/>\t\t\t\t\t\t\t\t\t\t\t\t\t\t\t<\/div>\n\t\t\t\t<\/div>\n\t\t\t\t<div class=\"elementor-element elementor-element-227111d elementor-widget elementor-widget-text-editor\" data-id=\"227111d\" data-element_type=\"widget\" data-e-type=\"widget\" data-widget_type=\"text-editor.default\">\n\t\t\t\t<div class=\"elementor-widget-container\">\n\t\t\t\t\t\t\t\t\t<p><strong>Global Excel<\/strong> et <strong>CVS<\/strong> partagent deux objectifs : vous garder en bonne sant\u00e9 et r\u00e9duire les co\u00fbts pour vous et votre employeur. Aux \u00c9tats-Unis, la Food and Drug Administration exige que les m\u00e9dicaments g\u00e9n\u00e9riques r\u00e9pondent aux m\u00eames normes que les m\u00e9dicaments de marque. Ils contiennent exactement les m\u00eames ingr\u00e9dients, mais les m\u00e9dicaments de marque peuvent co\u00fbter jusqu\u2019\u00e0 80 % de plus.  <\/p>\n<p>Pour r\u00e9duire votre quote-part (le cas \u00e9ch\u00e9ant) et aider votre employeur \u00e0 bien g\u00e9rer les co\u00fbts des soins de sant\u00e9, renseignez-vous aupr\u00e8s de votre m\u00e9decin ou de votre pharmacien sur la disponibilit\u00e9 des m\u00e9dicaments g\u00e9n\u00e9riques.<\/p>\n<h3>Faits de la Food and Drug Administration (FDA) am\u00e9ricaine<\/h3>\n<ul>\n<li>La FDA exige que les g\u00e9n\u00e9riques aient les m\u00eames ingr\u00e9dients actifs, le m\u00eame dosage et la m\u00eame forme de dosage que leurs homologues de marque<\/li>\n<li>La FDA exige la preuve qu\u2019un g\u00e9n\u00e9rique a les m\u00eames performances que son homologue de marque<\/li>\n<li>La FDA surveille les effets ind\u00e9sirables et effectue un contr\u00f4le de qualit\u00e9 permanent<\/li>\n<li>De nombreux m\u00e9dicaments g\u00e9n\u00e9riques sont fabriqu\u00e9s dans les m\u00eames usines que les m\u00e9dicaments de marque et doivent r\u00e9pondre aux m\u00eames normes de qualit\u00e9<\/li>\n<\/ul>\n<h2><span style=\"color: #0b61b4;\">Pr\u00eats \u00e0 \u00e9conomiser gr\u00e2ce aux g\u00e9n\u00e9riques ?<\/span><\/h2>\n<p><strong><span style=\"text-decoration: underline;\">Prescription actuelles<\/span><\/strong><br \/>Si vous prenez actuellement un m\u00e9dicament de marque, demandez \u00e0 votre m\u00e9decin s\u2019il existe un g\u00e9n\u00e9rique pour le remplacer, ou demandez simplement au pharmacien quand vous le renouvelez !<\/p>\n<p><span style=\"text-decoration: underline;\"><strong>Nouvelles ordonnances<\/strong><\/span><br \/>Chaque fois qu\u2019on vous prescrit un nouveau m\u00e9dicament, n\u2019oubliez pas de demander si un g\u00e9n\u00e9rique est disponible au moment o\u00f9 la prescription est r\u00e9dig\u00e9e ou au moment o\u00f9 elle est honor\u00e9e \u00e0 la pharmacie.<\/p>\n\t\t\t\t\t\t\t\t<\/div>\n\t\t\t\t<\/div>\n\t\t\t\t<div class=\"elementor-element elementor-element-f0369b2 elementor-widget-divider--view-line elementor-widget elementor-widget-divider\" data-id=\"f0369b2\" data-element_type=\"widget\" data-e-type=\"widget\" data-widget_type=\"divider.default\">\n\t\t\t\t<div class=\"elementor-widget-container\">\n\t\t\t\t\t\t\t<div class=\"elementor-divider\">\n\t\t\t<span class=\"elementor-divider-separator\">\n\t\t\t\t\t\t<\/span>\n\t\t<\/div>\n\t\t\t\t\t\t<\/div>\n\t\t\t\t<\/div>\n\t\t\t\t<div class=\"elementor-element elementor-element-4823964 elementor-widget elementor-widget-text-editor\" data-id=\"4823964\" data-element_type=\"widget\" data-e-type=\"widget\" data-widget_type=\"text-editor.default\">\n\t\t\t\t<div class=\"elementor-widget-container\">\n\t\t\t\t\t\t\t\t\t<h2>M\u00e9dicaments d\u2019entretien \u2013 \u00c9conomies et commodit\u00e9<\/h2>\n\t\t\t\t\t\t\t\t<\/div>\n\t\t\t\t<\/div>\n\t\t<div class=\"elementor-element elementor-element-42ec018 e-con-full e-flex e-con e-child\" data-id=\"42ec018\" data-element_type=\"container\" data-e-type=\"container\">\n\t\t\t\t<div class=\"elementor-element elementor-element-336520e elementor-widget elementor-widget-text-editor\" data-id=\"336520e\" data-element_type=\"widget\" data-e-type=\"widget\" data-widget_type=\"text-editor.default\">\n\t\t\t\t<div class=\"elementor-widget-container\">\n\t\t\t\t\t\t\t\t\t<h3>L\u2019ultime commodit\u00e9 pour les ordonnances \u00e0 long terme<\/h3><p>Au lieu de faire honorer vos ordonnances de longue dur\u00e9e tous les 30 jours \u00e0 la pharmacie, saviez-vous que CVS peut vous livrer une provision de 90 jours directement \u00e0 votre domicile ou \u00e0 votre bureau ? Cela permet non seulement de r\u00e9duire les co\u00fbts, mais aussi de faciliter l\u2019observance du traitement. Si vous avez un co-paiement sur vos m\u00e9dicaments, vous pourriez r\u00e9aliser des \u00e9conomies substantielles en changeant de pharmacie.<\/p><p>Pour plus d&rsquo;informations sur la fa\u00e7on d&rsquo;obtenir votre ordonnance de 90 jours par courrier, <a href=\"https:\/\/www.caremark.com\/manage-prescriptions\/rx-delivery-by-mail.html\" target=\"_blank\" rel=\"noopener\">suivez ce lien<\/a> ou regardez cette courte vid\u00e9o. (Disponible en anglais seulement)<\/p>\t\t\t\t\t\t\t\t<\/div>\n\t\t\t\t<\/div>\n\t\t\t\t<div class=\"elementor-element elementor-element-74f321b elementor-hidden-desktop elementor-hidden-tablet elementor-hidden-mobile elementor-widget elementor-widget-video\" data-id=\"74f321b\" data-element_type=\"widget\" data-e-type=\"widget\" data-settings=\"{&quot;youtube_url&quot;:&quot;https:\\\/\\\/www.youtube.com\\\/watch?v=3mGqLdXRgSw&quot;,&quot;video_type&quot;:&quot;youtube&quot;,&quot;controls&quot;:&quot;yes&quot;}\" data-widget_type=\"video.default\">\n\t\t\t\t<div class=\"elementor-widget-container\">\n\t\t\t\t\t\t\t<div class=\"elementor-wrapper elementor-open-inline\">\n\t\t\t<div class=\"elementor-video\"><\/div>\t\t<\/div>\n\t\t\t\t\t\t<\/div>\n\t\t\t\t<\/div>\n\t\t\t\t<\/div>\n\t\t\t\t<div class=\"elementor-element elementor-element-f7b1a4b elementor-widget-divider--view-line elementor-widget elementor-widget-divider\" data-id=\"f7b1a4b\" data-element_type=\"widget\" data-e-type=\"widget\" data-widget_type=\"divider.default\">\n\t\t\t\t<div class=\"elementor-widget-container\">\n\t\t\t\t\t\t\t<div class=\"elementor-divider\">\n\t\t\t<span class=\"elementor-divider-separator\">\n\t\t\t\t\t\t<\/span>\n\t\t<\/div>\n\t\t\t\t\t\t<\/div>\n\t\t\t\t<\/div>\n\t\t\t\t<div class=\"elementor-element elementor-element-f0329ca elementor-widget elementor-widget-text-editor\" data-id=\"f0329ca\" data-element_type=\"widget\" data-e-type=\"widget\" data-widget_type=\"text-editor.default\">\n\t\t\t\t<div class=\"elementor-widget-container\">\n\t\t\t\t\t\t\t\t\t<h2>M\u00e9dicaments de sp\u00e9cialit\u00e9<\/h2>\n<p>Les m\u00e9dicaments de sp\u00e9cialit\u00e9, ou les m\u00e9dicaments utilis\u00e9s pour traiter les maladies chroniques, complexes et\/ou rares, peuvent \u00eatre extr\u00eamement co\u00fbteux et on s\u2019attend \u00e0 ce que leurs prix continuent d\u2019augmenter.<\/p>\n<p>Le simple fait de choisir la bonne pharmacie peut avoir un impact majeur sur les \u00e9l\u00e9ments suivants :<\/p>\n<ul>\n<li>Minimiser vos frais<\/li>\n<li>Maximiser la commodit\u00e9 de la facturation directe par le biais de votre r\u00e9seau de pharmacies<\/li>\n<li>Aider votre employeur \u00e0 contenir les co\u00fbts et les primes des soins de sant\u00e9<\/li>\n<\/ul>\n<p>Pour obtenir vos m\u00e9dicaments de sp\u00e9cialit\u00e9 par l\u2019interm\u00e9diaire d\u2019une pharmacie CVS, visitez le site <a href=\"https:\/\/www.cvsspecialty.com\/wps\/portal\/specialty\">CVSspecialty.com\/enregistrement<\/a> ou appelez le <strong>1-800-237-2767<\/strong> pour plus d\u2019informations.<\/p>\n\t\t\t\t\t\t\t\t<\/div>\n\t\t\t\t<\/div>\n\t\t\t\t\t<\/div>\n\t\t\t\t<\/div>\n\t\t<div class=\"elementor-element elementor-element-dfde001 e-flex e-con-boxed e-con e-parent\" data-id=\"dfde001\" data-element_type=\"container\" data-e-type=\"container\" data-settings=\"{&quot;background_background&quot;:&quot;classic&quot;}\">\n\t\t\t\t\t<div class=\"e-con-inner\">\n\t\t\t\t<div class=\"elementor-element elementor-element-ddbaf36 elementor-widget elementor-widget-button\" data-id=\"ddbaf36\" data-element_type=\"widget\" data-e-type=\"widget\" data-widget_type=\"button.default\">\n\t\t\t\t<div class=\"elementor-widget-container\">\n\t\t\t\t\t\t\t\t\t<div class=\"elementor-button-wrapper\">\n\t\t\t\t\t<a class=\"elementor-button elementor-button-link elementor-size-xl\" href=\"https:\/\/www.caremark.com\/portal\/asset\/olympus_pharm.htm\" target=\"_blank\">\n\t\t\t\t\t\t<span class=\"elementor-button-content-wrapper\">\n\t\t\t\t\t\t<span class=\"elementor-button-icon\">\n\t\t\t\t<i aria-hidden=\"true\" class=\"fas fa-arrow-right\"><\/i>\t\t\t<\/span>\n\t\t\t\t\t\t\t\t\t<span class=\"elementor-button-text\">Trouver une pharmacie<\/span>\n\t\t\t\t\t<\/span>\n\t\t\t\t\t<\/a>\n\t\t\t\t<\/div>\n\t\t\t\t\t\t\t\t<\/div>\n\t\t\t\t<\/div>\n\t\t\t\t<div class=\"elementor-element elementor-element-9651705 elementor-widget elementor-widget-button\" data-id=\"9651705\" data-element_type=\"widget\" data-e-type=\"widget\" data-widget_type=\"button.default\">\n\t\t\t\t<div class=\"elementor-widget-container\">\n\t\t\t\t\t\t\t\t\t<div class=\"elementor-button-wrapper\">\n\t\t\t\t\t<a class=\"elementor-button elementor-button-link elementor-size-xl\" href=\"https:\/\/www.caremark.com\/portal\/asset\/olympus_cdc.htm\" target=\"_blank\">\n\t\t\t\t\t\t<span class=\"elementor-button-content-wrapper\">\n\t\t\t\t\t\t<span class=\"elementor-button-icon\">\n\t\t\t\t<i aria-hidden=\"true\" class=\"fas fa-arrow-right\"><\/i>\t\t\t<\/span>\n\t\t\t\t\t\t\t\t\t<span class=\"elementor-button-text\">Recherche de prix de m\u00e9dicaments (anglais seulement)<\/span>\n\t\t\t\t\t<\/span>\n\t\t\t\t\t<\/a>\n\t\t\t\t<\/div>\n\t\t\t\t\t\t\t\t<\/div>\n\t\t\t\t<\/div>\n\t\t\t\t<div class=\"elementor-element elementor-element-8450e76 elementor-widget elementor-widget-button\" data-id=\"8450e76\" data-element_type=\"widget\" data-e-type=\"widget\" data-widget_type=\"button.default\">\n\t\t\t\t<div class=\"elementor-widget-container\">\n\t\t\t\t\t\t\t\t\t<div class=\"elementor-button-wrapper\">\n\t\t\t\t\t<a class=\"elementor-button elementor-button-link elementor-size-xl\" href=\"https:\/\/www.rxprintacard.biz\/private-label\/enroll-now?account=93\" target=\"_blank\">\n\t\t\t\t\t\t<span class=\"elementor-button-content-wrapper\">\n\t\t\t\t\t\t<span class=\"elementor-button-icon\">\n\t\t\t\t<i aria-hidden=\"true\" class=\"fas fa-arrow-right\"><\/i>\t\t\t<\/span>\n\t\t\t\t\t\t\t\t\t<span class=\"elementor-button-text\">Imprimer la carte d\u2019escompte<\/span>\n\t\t\t\t\t<\/span>\n\t\t\t\t\t<\/a>\n\t\t\t\t<\/div>\n\t\t\t\t\t\t\t\t<\/div>\n\t\t\t\t<\/div>\n\t\t\t\t\t<\/div>\n\t\t\t\t<\/div>\n\t\t\t\t<\/div>\n\t\t","protected":false},"excerpt":{"rendered":"<p>Trouver une pharmacie Global Excel s\u2019est associ\u00e9e \u00e0 CVS\/Caremark afin de pouvoir offrir \u00e0 ses membres l\u2019un des plus grands r\u00e9seaux nationaux de pharmacies, vous garantissant des prix \u00e9quitables et un acc\u00e8s en toute commodit\u00e9. Trouver une pharmacie Recherche de prix de m\u00e9dicaments (anglais seulement) Imprimer la carte d\u2019escompte Les avantages de rester dans le [&hellip;]<\/p>\n","protected":false},"author":2,"featured_media":0,"parent":0,"menu_order":0,"comment_status":"closed","ping_status":"closed","template":"","meta":{"inline_featured_image":false,"footnotes":""},"class_list":["post-2053","page","type-page","status-publish","hentry"],"_links":{"self":[{"href":"https:\/\/april.globalexcel.com\/fr\/wp-json\/wp\/v2\/pages\/2053","targetHints":{"allow":["GET"]}}],"collection":[{"href":"https:\/\/april.globalexcel.com\/fr\/wp-json\/wp\/v2\/pages"}],"about":[{"href":"https:\/\/april.globalexcel.com\/fr\/wp-json\/wp\/v2\/types\/page"}],"author":[{"embeddable":true,"href":"https:\/\/april.globalexcel.com\/fr\/wp-json\/wp\/v2\/users\/2"}],"replies":[{"embeddable":true,"href":"https:\/\/april.globalexcel.com\/fr\/wp-json\/wp\/v2\/comments?post=2053"}],"version-history":[{"count":45,"href":"https:\/\/april.globalexcel.com\/fr\/wp-json\/wp\/v2\/pages\/2053\/revisions"}],"predecessor-version":[{"id":3694,"href":"https:\/\/april.globalexcel.com\/fr\/wp-json\/wp\/v2\/pages\/2053\/revisions\/3694"}],"wp:attachment":[{"href":"https:\/\/april.globalexcel.com\/fr\/wp-json\/wp\/v2\/media?parent=2053"}],"curies":[{"name":"wp","href":"https:\/\/api.w.org\/{rel}","templated":true}]}}